{"id":8392,"date":"2024-08-15T10:25:02","date_gmt":"2024-08-15T10:25:02","guid":{"rendered":"https:\/\/guardian-eye.com\/impressum-identyfikacja-uslugodawcy\/"},"modified":"2024-12-19T10:08:12","modified_gmt":"2024-12-19T10:08:12","slug":"impressum-identyfikacja-uslugodawcy","status":"publish","type":"page","link":"https:\/\/guardian-eye.com\/pl\/impressum-identyfikacja-uslugodawcy\/","title":{"rendered":"Impressum &#8211; identyfikacja us\u0142ugodawcy"},"content":{"rendered":"\t\t<div data-elementor-type=\"wp-page\" data-elementor-id=\"8392\" class=\"elementor elementor-8392 elementor-8159\" data-elementor-post-type=\"page\">\n\t\t\t\t<div class=\"elementor-element elementor-element-4553317 e-con-full e-flex e-con e-parent\" data-id=\"4553317\" data-element_type=\"container\" data-e-type=\"container\">\n\t\t<div class=\"elementor-element elementor-element-7491d6f e-con-full e-flex e-con e-child\" data-id=\"7491d6f\" data-element_type=\"container\" data-e-type=\"container\">\n\t\t\t\t<div class=\"elementor-element elementor-element-d83281d elementor-absolute e-transform elementor-widget elementor-widget-image\" data-id=\"d83281d\" data-element_type=\"widget\" data-e-type=\"widget\" data-settings=\"{&quot;_position&quot;:&quot;absolute&quot;,&quot;_transform_rotateZ_effect&quot;:{&quot;unit&quot;:&quot;px&quot;,&quot;size&quot;:-2.2,&quot;sizes&quot;:[]},&quot;_transform_rotateZ_effect_tablet&quot;:{&quot;unit&quot;:&quot;deg&quot;,&quot;size&quot;:&quot;&quot;,&quot;sizes&quot;:[]},&quot;_transform_rotateZ_effect_mobile&quot;:{&quot;unit&quot;:&quot;deg&quot;,&quot;size&quot;:&quot;&quot;,&quot;sizes&quot;:[]}}\" data-widget_type=\"image.default\">\n\t\t\t\t<div class=\"elementor-widget-container\">\n\t\t\t\t\t\t\t\t\t\t\t\t\t\t\t<img fetchpriority=\"high\" decoding=\"async\" width=\"631\" height=\"356\" src=\"https:\/\/guardian-eye.com\/wp-content\/uploads\/2023\/12\/aboutstyle.svg\" class=\"attachment-full size-full wp-image-2955\" alt=\"\" \/>\t\t\t\t\t\t\t\t\t\t\t\t\t\t\t<\/div>\n\t\t\t\t<\/div>\n\t\t\t\t<\/div>\n\t\t<div class=\"elementor-element elementor-element-a217401 e-con-full e-flex e-con e-child\" data-id=\"a217401\" data-element_type=\"container\" data-e-type=\"container\" data-settings=\"{&quot;background_background&quot;:&quot;classic&quot;}\">\n\t\t<div class=\"elementor-element elementor-element-632a963 e-flex e-con-boxed e-con e-child\" data-id=\"632a963\" data-element_type=\"container\" data-e-type=\"container\">\n\t\t\t\t\t<div class=\"e-con-inner\">\n\t\t<div class=\"elementor-element elementor-element-114a25a e-con-full e-flex e-con e-child\" data-id=\"114a25a\" data-element_type=\"container\" data-e-type=\"container\">\n\t\t\t\t<div class=\"elementor-element elementor-element-406a9e6 title-left-corner-white-guardian elementor-widget elementor-widget-heading\" data-id=\"406a9e6\" data-element_type=\"widget\" data-e-type=\"widget\" data-widget_type=\"heading.default\">\n\t\t\t\t<div class=\"elementor-widget-container\">\n\t\t\t\t\t<h2 class=\"elementor-heading-title elementor-size-default\">Impressum - identyfikacja us\u0142ugodawcy<\/h2>\t\t\t\t<\/div>\n\t\t\t\t<\/div>\n\t\t\t\t<\/div>\n\t\t<div class=\"elementor-element elementor-element-6589d66 e-con-full elementor-hidden-tablet elementor-hidden-mobile e-flex e-con e-child\" data-id=\"6589d66\" data-element_type=\"container\" data-e-type=\"container\">\n\t\t\t\t<\/div>\n\t\t\t\t\t<\/div>\n\t\t\t\t<\/div>\n\t\t\t\t<\/div>\n\t\t\t\t<\/div>\n\t\t<div class=\"elementor-element elementor-element-773c2cc e-con-full e-flex e-con e-parent\" data-id=\"773c2cc\" data-element_type=\"container\" data-e-type=\"container\">\n\t\t<div class=\"elementor-element elementor-element-ff72d3f e-flex e-con-boxed e-con e-child\" data-id=\"ff72d3f\" data-element_type=\"container\" data-e-type=\"container\">\n\t\t\t\t\t<div class=\"e-con-inner\">\n\t\t\t\t<div class=\"elementor-element elementor-element-e96526c elementor-widget elementor-widget-text-editor\" data-id=\"e96526c\" data-element_type=\"widget\" data-e-type=\"widget\" data-widget_type=\"text-editor.default\">\n\t\t\t\t<div class=\"elementor-widget-container\">\n\t\t\t\t\t\t\t\t\t<p><strong>GuardianEye GmbH<\/strong><\/p>\n<p>Adres:<br \/>Neuer Wall 50<br \/>20354 Hamburg<br \/>Niemcy<\/p>\n<p>Telefon: +49 40 1234567<br \/>E-mail: info@guardianeye.de<\/p>\n<p>Autoryzowany dyrektor zarz\u0105dzaj\u0105cy:<br \/>Holger M. Jarmuth<\/p>\n<p>S\u0105d rejestrowy:<br \/>S\u0105d Rejonowy w Hamburgu<\/p>\n<p>Numer rejestru handlowego:<br \/>HRB 177956<\/p>\n<p>Numer identyfikacyjny VAT zgodnie z \u00a7 27a ustawy o podatku od sprzeda\u017cy:<br \/>DE123456789<\/p>\n<p>Osoba odpowiedzialna za tre\u015b\u0107 zgodnie z sekcj\u0105 55 par.<br \/>\n2 RStV:<br \/>Holger M. Jarmuth<br \/>Neuer Wall 50<br \/>20354 Hamburg <\/p>\n\t\t\t\t\t\t\t\t<\/div>\n\t\t\t\t<\/div>\n\t\t\t\t\t<\/div>\n\t\t\t\t<\/div>\n\t\t\t\t<\/div>\n\t\t\t\t<\/div>\n\t\t","protected":false},"excerpt":{"rendered":"<p>Impressum &#8211; identyfikacja us\u0142ugodawcy GuardianEye GmbH Adres:Neuer Wall 5020354 HamburgNiemcy Telefon: +49 40 1234567E-mail: info@guardianeye.de Autoryzowany dyrektor zarz\u0105dzaj\u0105cy:Holger M. Jarmuth S\u0105d rejestrowy:S\u0105d Rejonowy w Hamburgu Numer rejestru handlowego:HRB 177956 Numer identyfikacyjny VAT zgodnie z \u00a7 27a ustawy o podatku od sprzeda\u017cy:DE123456789 Osoba odpowiedzialna za tre\u015b\u0107 zgodnie z sekcj\u0105 55 par. 2 RStV:Holger M. JarmuthNeuer Wall [&hellip;]<\/p>\n","protected":false},"author":1,"featured_media":0,"parent":0,"menu_order":0,"comment_status":"closed","ping_status":"closed","template":"elementor_header_footer","meta":{"footnotes":""},"class_list":["post-8392","page","type-page","status-publish","hentry"],"_links":{"self":[{"href":"https:\/\/guardian-eye.com\/pl\/wp-json\/wp\/v2\/pages\/8392","targetHints":{"allow":["GET"]}}],"collection":[{"href":"https:\/\/guardian-eye.com\/pl\/wp-json\/wp\/v2\/pages"}],"about":[{"href":"https:\/\/guardian-eye.com\/pl\/wp-json\/wp\/v2\/types\/page"}],"author":[{"embeddable":true,"href":"https:\/\/guardian-eye.com\/pl\/wp-json\/wp\/v2\/users\/1"}],"replies":[{"embeddable":true,"href":"https:\/\/guardian-eye.com\/pl\/wp-json\/wp\/v2\/comments?post=8392"}],"version-history":[{"count":2,"href":"https:\/\/guardian-eye.com\/pl\/wp-json\/wp\/v2\/pages\/8392\/revisions"}],"predecessor-version":[{"id":8774,"href":"https:\/\/guardian-eye.com\/pl\/wp-json\/wp\/v2\/pages\/8392\/revisions\/8774"}],"wp:attachment":[{"href":"https:\/\/guardian-eye.com\/pl\/wp-json\/wp\/v2\/media?parent=8392"}],"curies":[{"name":"wp","href":"https:\/\/api.w.org\/{rel}","templated":true}]}}