{"id":6901,"date":"2023-10-16T16:58:17","date_gmt":"2023-10-16T16:58:17","guid":{"rendered":"https:\/\/guardian-eye.com\/polityka-prywatnosci\/"},"modified":"2024-12-19T10:08:12","modified_gmt":"2024-12-19T10:08:12","slug":"polityka-prywatnosci","status":"publish","type":"page","link":"https:\/\/guardian-eye.com\/pl\/polityka-prywatnosci\/","title":{"rendered":"Polityka prywatno\u015bci"},"content":{"rendered":"\t\t<div data-elementor-type=\"wp-page\" data-elementor-id=\"6901\" class=\"elementor elementor-6901 elementor-3\" data-elementor-post-type=\"page\">\n\t\t\t\t<div class=\"elementor-element elementor-element-c9b8976 e-con-full e-flex e-con e-parent\" data-id=\"c9b8976\" data-element_type=\"container\" data-e-type=\"container\">\n\t\t<div class=\"elementor-element elementor-element-6717f1f e-con-full e-flex e-con e-child\" data-id=\"6717f1f\" data-element_type=\"container\" data-e-type=\"container\">\n\t\t\t\t<div class=\"elementor-element elementor-element-b37cb43 elementor-absolute e-transform elementor-widget elementor-widget-image\" data-id=\"b37cb43\" data-element_type=\"widget\" data-e-type=\"widget\" data-settings=\"{&quot;_position&quot;:&quot;absolute&quot;,&quot;_transform_rotateZ_effect&quot;:{&quot;unit&quot;:&quot;px&quot;,&quot;size&quot;:-2.2,&quot;sizes&quot;:[]},&quot;_transform_rotateZ_effect_tablet&quot;:{&quot;unit&quot;:&quot;deg&quot;,&quot;size&quot;:&quot;&quot;,&quot;sizes&quot;:[]},&quot;_transform_rotateZ_effect_mobile&quot;:{&quot;unit&quot;:&quot;deg&quot;,&quot;size&quot;:&quot;&quot;,&quot;sizes&quot;:[]}}\" data-widget_type=\"image.default\">\n\t\t\t\t<div class=\"elementor-widget-container\">\n\t\t\t\t\t\t\t\t\t\t\t\t\t\t\t<img fetchpriority=\"high\" decoding=\"async\" width=\"631\" height=\"356\" src=\"https:\/\/guardian-eye.com\/wp-content\/uploads\/2023\/12\/aboutstyle.svg\" class=\"attachment-full size-full wp-image-2955\" alt=\"\" \/>\t\t\t\t\t\t\t\t\t\t\t\t\t\t\t<\/div>\n\t\t\t\t<\/div>\n\t\t\t\t<\/div>\n\t\t<div class=\"elementor-element elementor-element-e4297a6 e-con-full e-flex e-con e-child\" data-id=\"e4297a6\" data-element_type=\"container\" data-e-type=\"container\" data-settings=\"{&quot;background_background&quot;:&quot;classic&quot;}\">\n\t\t<div class=\"elementor-element elementor-element-223728e e-flex e-con-boxed e-con e-child\" data-id=\"223728e\" data-element_type=\"container\" data-e-type=\"container\">\n\t\t\t\t\t<div class=\"e-con-inner\">\n\t\t<div class=\"elementor-element elementor-element-7c956f7 e-con-full e-flex e-con e-child\" data-id=\"7c956f7\" data-element_type=\"container\" data-e-type=\"container\">\n\t\t\t\t<div class=\"elementor-element elementor-element-143ea29 title-left-corner-white-guardian elementor-widget elementor-widget-heading\" data-id=\"143ea29\" data-element_type=\"widget\" data-e-type=\"widget\" data-widget_type=\"heading.default\">\n\t\t\t\t<div class=\"elementor-widget-container\">\n\t\t\t\t\t<h2 class=\"elementor-heading-title elementor-size-default\">Polityka prywatno\u015bci<\/h2>\t\t\t\t<\/div>\n\t\t\t\t<\/div>\n\t\t\t\t<\/div>\n\t\t<div class=\"elementor-element elementor-element-42b5527 e-con-full elementor-hidden-tablet elementor-hidden-mobile e-flex e-con e-child\" data-id=\"42b5527\" data-element_type=\"container\" data-e-type=\"container\">\n\t\t\t\t<\/div>\n\t\t\t\t\t<\/div>\n\t\t\t\t<\/div>\n\t\t\t\t<\/div>\n\t\t\t\t<\/div>\n\t\t<div class=\"elementor-element elementor-element-1e206e8 e-con-full e-flex e-con e-parent\" data-id=\"1e206e8\" data-element_type=\"container\" data-e-type=\"container\">\n\t\t<div class=\"elementor-element elementor-element-0018d72 e-flex e-con-boxed e-con e-child\" data-id=\"0018d72\" data-element_type=\"container\" data-e-type=\"container\">\n\t\t\t\t\t<div class=\"e-con-inner\">\n\t\t\t\t<div class=\"elementor-element elementor-element-8fc76da elementor-widget elementor-widget-text-editor\" data-id=\"8fc76da\" data-element_type=\"widget\" data-e-type=\"widget\" data-widget_type=\"text-editor.default\">\n\t\t\t\t<div class=\"elementor-widget-container\">\n\t\t\t\t\t\t\t\t\t<p><strong>Ostatnia aktualizacja: [18-04-2024]<\/strong><\/p>\n<p><strong>1. Wprowadzenie<\/strong><\/p>\n<p>Witamy w Polityce prywatno\u015bci GuardianEye GmbH. Twoja prywatno\u015b\u0107 jest dla nas wa\u017cna i zobowi\u0105zujemy si\u0119 do ochrony Twoich danych osobowych zgodnie z og\u00f3lnym rozporz\u0105dzeniem o ochronie danych (RODO). <\/p>\n<p><strong>2. Kim jeste\u015bmy<\/strong><\/p>\n<p><span style=\"color: var( --e-global-color-text ); font-family: var( --e-global-typography-text-font-family ), Sans-serif; font-size: var( --e-global-typography-text-font-size ); font-weight: var( --e-global-typography-text-font-weight ); text-align: var(--text-align); background-color: var(--nv-site-bg); letter-spacing: var(--bodyletterspacing); text-transform: var(--bodytexttransform);\">GuardianEye GmbH<\/span><\/p>\n<p><span style=\"color: var( --e-global-color-text ); font-family: var( --e-global-typography-text-font-family ), Sans-serif; font-size: var( --e-global-typography-text-font-size ); font-weight: var( --e-global-typography-text-font-weight ); text-align: var(--text-align); background-color: var(--nv-site-bg); letter-spacing: var(--bodyletterspacing); text-transform: var(--bodytexttransform);\">20355 Hamburg<\/span> <\/p>\n<p>ATT:Rene Skov Krone<\/p>\n<p><a class=\"ProsemirrorEditor-link\" href=\"mailto:info@guardian-eye.com\">info@guardian-eye.com<\/a><\/p>\n<p><strong>3. Gromadzone przez nas dane osobowe<\/strong><\/p>\n<p>Mo\u017cemy gromadzi\u0107 i przetwarza\u0107 nast\u0119puj\u0105ce dane osobowe:<\/p>\n<ul>\n<li>Nazwa<\/li>\n<li>Informacje kontaktowe (adres e-mail, numer telefonu)<\/li>\n<li>Informacje rozliczeniowe<\/li>\n<li>Dane transakcji<\/li>\n<li>Dane dotycz\u0105ce u\u017cytkowania (takie jak adres IP, typ przegl\u0105darki i system operacyjny)<\/li>\n<li>Wszelkie inne dane osobowe podane dobrowolnie przez u\u017cytkownika<\/li>\n<\/ul>\n<p><strong> <\/strong><\/p>\n<p><strong>4. Jak wykorzystujemy dane osobowe u\u017cytkownika<\/strong><\/p>\n<p>Wykorzystujemy dane osobowe u\u017cytkownika do nast\u0119puj\u0105cych cel\u00f3w:<\/p>\n<ul>\n<li>Aby \u015bwiadczy\u0107 i utrzymywa\u0107 nasze us\u0142ugi<\/li>\n<li>Przetwarzanie transakcji i p\u0142atno\u015bci<\/li>\n<li>Aby komunikowa\u0107 si\u0119 z u\u017cytkownikiem w sprawie aktualizacji, ofert i promocji<\/li>\n<li>Ulepszanie naszej strony internetowej i us\u0142ug<\/li>\n<li>Przestrzeganie zobowi\u0105za\u0144 prawnych<\/li>\n<\/ul>\n<p><strong> <\/strong><\/p>\n<p><strong>5. Podstawa prawna przetwarzania danych osobowych<\/strong><\/p>\n<p>Przetwarzamy dane osobowe u\u017cytkownik\u00f3w w oparciu o nast\u0119puj\u0105ce podstawy prawne:<\/p>\n<ul>\n<li>Zgoda: U\u017cytkownik udzieli\u0142 nam wyra\u017anej zgody na przetwarzanie jego danych osobowych w okre\u015blonych celach.<\/li>\n<li>Umowa: Przetwarzanie jest niezb\u0119dne do wykonania umowy, kt\u00f3rej stron\u0105 jest u\u017cytkownik, lub do podj\u0119cia krok\u00f3w na \u017c\u0105danie u\u017cytkownika przed zawarciem umowy.<\/li>\n<li>Obowi\u0105zek prawny: Przetwarzanie jest niezb\u0119dne do wype\u0142nienia obowi\u0105zku prawnego, kt\u00f3remu podlegamy.<\/li>\n<li>Uzasadnione interesy: Przetwarzanie jest niezb\u0119dne dla naszych uzasadnionych interes\u00f3w, takich jak ulepszanie naszych us\u0142ug i dzia\u0142ania marketingowe, pod warunkiem, \u017ce takie interesy nie s\u0105 nadrz\u0119dne wobec praw i interes\u00f3w u\u017cytkownika.<\/li>\n<\/ul>\n<p><strong> <\/strong><\/p>\n<p><strong>6. Udost\u0119pnianie i ujawnianie danych<\/strong><\/p>\n<p>Mo\u017cemy udost\u0119pnia\u0107 dane osobowe u\u017cytkownika<\/p>\n<ul>\n<li>Dostawcy us\u0142ug, kt\u00f3rzy pomagaj\u0105 nam prowadzi\u0107 nasz\u0105 dzia\u0142alno\u015b\u0107 (np. podmioty przetwarzaj\u0105ce p\u0142atno\u015bci, dostawcy us\u0142ug IT)<\/li>\n<li>Organy \u015bcigania, organy rz\u0105dowe lub inne strony trzecie, gdy jest to wymagane przez prawo lub w odpowiedzi na post\u0119powanie s\u0105dowe<\/li>\n<li>Osoby trzecie w zwi\u0105zku z fuzj\u0105, przej\u0119ciem lub sprzeda\u017c\u0105 aktyw\u00f3w<\/li>\n<\/ul>\n<p><strong> <\/strong><\/p>\n<p><strong>7. Przekazywanie danych<\/strong><\/p>\n<p>Dane osobowe u\u017cytkownika mog\u0105 by\u0107 przekazywane i przechowywane w miejscu docelowym poza Europejskim Obszarem Gospodarczym (EOG). Podejmiemy wszelkie niezb\u0119dne \u015brodki, aby zapewni\u0107, \u017ce takie transfery s\u0105 przeprowadzane zgodnie z RODO, a dane osobowe u\u017cytkownika s\u0105 odpowiednio chronione. <\/p>\n<p><strong>8. Bezpiecze\u0144stwo danych<\/strong><\/p>\n<p>Wdra\u017camy odpowiednie \u015brodki techniczne i organizacyjne w celu ochrony danych osobowych u\u017cytkownika przed nieuprawnionym dost\u0119pem, zmian\u0105, ujawnieniem lub zniszczeniem.<\/p>\n<p><strong>9. Prawa u\u017cytkownika<\/strong><\/p>\n<p>U\u017cytkownikowi przys\u0142uguj\u0105 nast\u0119puj\u0105ce prawa dotycz\u0105ce jego danych osobowych:<\/p>\n<ul>\n<li>Prawo dost\u0119pu: U\u017cytkownik ma prawo za\u017c\u0105da\u0107 dost\u0119pu do swoich danych osobowych i uzyska\u0107 kopi\u0119 danych osobowych, kt\u00f3re przechowujemy na jego temat.<\/li>\n<li>Prawo do sprostowania: U\u017cytkownik ma prawo za\u017c\u0105da\u0107 poprawienia niedok\u0142adnych lub niekompletnych danych osobowych.<\/li>\n<li>Prawo do usuni\u0119cia danych: U\u017cytkownik ma prawo za\u017c\u0105da\u0107 usuni\u0119cia swoich danych osobowych pod pewnymi warunkami.<\/li>\n<li>Prawo do ograniczenia przetwarzania: U\u017cytkownik ma prawo za\u017c\u0105da\u0107 ograniczenia przetwarzania swoich danych osobowych pod pewnymi warunkami.<\/li>\n<li>Prawo do przenoszenia danych: U\u017cytkownik ma prawo do otrzymania swoich danych osobowych w ustrukturyzowanym, powszechnie u\u017cywanym i nadaj\u0105cym si\u0119 do odczytu maszynowego formacie oraz do przekazania ich innemu administratorowi danych.<\/li>\n<li>Prawo do sprzeciwu: U\u017cytkownik ma prawo sprzeciwi\u0107 si\u0119 przetwarzaniu jego danych osobowych pod pewnymi warunkami.<\/li>\n<\/ul>\n<p>Aby skorzysta\u0107 ze swoich praw, prosimy o kontakt pod adresem [Contact Information].<\/p>\n<p><strong>10. Zmiany w niniejszej Polityce prywatno\u015bci<\/strong><\/p>\n<p>Od czasu do czasu mo\u017cemy aktualizowa\u0107 niniejsz\u0105 Polityk\u0119 prywatno\u015bci w celu odzwierciedlenia zmian w naszych praktykach lub obowi\u0105zuj\u0105cych przepisach prawa. Powiadomimy u\u017cytkownika o wszelkich istotnych zmianach, publikuj\u0105c zaktualizowan\u0105 polityk\u0119 na naszej stronie internetowej ze zmienion\u0105 dat\u0105 &#8222;Ostatnia aktualizacja&#8221;. <\/p>\n<p><strong>11. Kontakt<\/strong><\/p>\n<p>W przypadku jakichkolwiek pyta\u0144 lub w\u0105tpliwo\u015bci dotycz\u0105cych niniejszej Polityki prywatno\u015bci lub naszych praktyk w zakresie danych, prosimy o kontakt pod adresem<a class=\"ProsemirrorEditor-link\" href=\"mailto:info@guardian-eye.com\"> info@guardian-eye.com<\/a>.<\/p>\n<p>.<\/p>\n\t\t\t\t\t\t\t\t<\/div>\n\t\t\t\t<\/div>\n\t\t\t\t\t<\/div>\n\t\t\t\t<\/div>\n\t\t\t\t<\/div>\n\t\t\t\t<\/div>\n\t\t","protected":false},"excerpt":{"rendered":"<p>Polityka prywatno\u015bci Ostatnia aktualizacja: [18-04-2024] 1. Wprowadzenie Witamy w Polityce prywatno\u015bci GuardianEye GmbH. Twoja prywatno\u015b\u0107 jest dla nas wa\u017cna i zobowi\u0105zujemy si\u0119 do ochrony Twoich danych osobowych zgodnie z og\u00f3lnym rozporz\u0105dzeniem o ochronie danych (RODO). 2. Kim jeste\u015bmy GuardianEye GmbH 20355 Hamburg ATT:Rene Skov Krone info@guardian-eye.com 3. Gromadzone przez nas dane osobowe Mo\u017cemy gromadzi\u0107 i [&hellip;]<\/p>\n","protected":false},"author":1,"featured_media":0,"parent":0,"menu_order":0,"comment_status":"closed","ping_status":"closed","template":"elementor_header_footer","meta":{"footnotes":""},"class_list":["post-6901","page","type-page","status-publish","hentry"],"_links":{"self":[{"href":"https:\/\/guardian-eye.com\/pl\/wp-json\/wp\/v2\/pages\/6901","targetHints":{"allow":["GET"]}}],"collection":[{"href":"https:\/\/guardian-eye.com\/pl\/wp-json\/wp\/v2\/pages"}],"about":[{"href":"https:\/\/guardian-eye.com\/pl\/wp-json\/wp\/v2\/types\/page"}],"author":[{"embeddable":true,"href":"https:\/\/guardian-eye.com\/pl\/wp-json\/wp\/v2\/users\/1"}],"replies":[{"embeddable":true,"href":"https:\/\/guardian-eye.com\/pl\/wp-json\/wp\/v2\/comments?post=6901"}],"version-history":[{"count":3,"href":"https:\/\/guardian-eye.com\/pl\/wp-json\/wp\/v2\/pages\/6901\/revisions"}],"predecessor-version":[{"id":8775,"href":"https:\/\/guardian-eye.com\/pl\/wp-json\/wp\/v2\/pages\/6901\/revisions\/8775"}],"wp:attachment":[{"href":"https:\/\/guardian-eye.com\/pl\/wp-json\/wp\/v2\/media?parent=6901"}],"curies":[{"name":"wp","href":"https:\/\/api.w.org\/{rel}","templated":true}]}}