{"id":6855,"date":"2024-04-18T13:54:31","date_gmt":"2024-04-18T13:54:31","guid":{"rendered":"https:\/\/guardian-eye.com\/polityka-dotyczaca-plikow-cookie\/"},"modified":"2024-12-19T10:08:02","modified_gmt":"2024-12-19T10:08:02","slug":"polityka-dotyczaca-plikow-cookie","status":"publish","type":"page","link":"https:\/\/guardian-eye.com\/pl\/polityka-dotyczaca-plikow-cookie\/","title":{"rendered":"Polityka dotycz\u0105ca plik\u00f3w cookie"},"content":{"rendered":"\t\t<div data-elementor-type=\"wp-page\" data-elementor-id=\"6855\" class=\"elementor elementor-6855 elementor-6026\" data-elementor-post-type=\"page\">\n\t\t\t\t<div class=\"elementor-element elementor-element-6f6bb85 e-con-full e-flex e-con e-parent\" data-id=\"6f6bb85\" data-element_type=\"container\" data-e-type=\"container\">\n\t\t<div class=\"elementor-element elementor-element-b1965ca e-con-full e-flex e-con e-child\" data-id=\"b1965ca\" data-element_type=\"container\" data-e-type=\"container\">\n\t\t\t\t<div class=\"elementor-element elementor-element-df3fb20 elementor-absolute e-transform elementor-widget elementor-widget-image\" data-id=\"df3fb20\" data-element_type=\"widget\" data-e-type=\"widget\" data-settings=\"{&quot;_position&quot;:&quot;absolute&quot;,&quot;_transform_rotateZ_effect&quot;:{&quot;unit&quot;:&quot;px&quot;,&quot;size&quot;:-2.2,&quot;sizes&quot;:[]},&quot;_transform_rotateZ_effect_tablet&quot;:{&quot;unit&quot;:&quot;deg&quot;,&quot;size&quot;:&quot;&quot;,&quot;sizes&quot;:[]},&quot;_transform_rotateZ_effect_mobile&quot;:{&quot;unit&quot;:&quot;deg&quot;,&quot;size&quot;:&quot;&quot;,&quot;sizes&quot;:[]}}\" data-widget_type=\"image.default\">\n\t\t\t\t<div class=\"elementor-widget-container\">\n\t\t\t\t\t\t\t\t\t\t\t\t\t\t\t<img fetchpriority=\"high\" decoding=\"async\" width=\"631\" height=\"356\" src=\"https:\/\/guardian-eye.com\/wp-content\/uploads\/2023\/12\/aboutstyle.svg\" class=\"attachment-full size-full wp-image-2955\" alt=\"\" \/>\t\t\t\t\t\t\t\t\t\t\t\t\t\t\t<\/div>\n\t\t\t\t<\/div>\n\t\t\t\t<\/div>\n\t\t<div class=\"elementor-element elementor-element-174422f e-con-full e-flex e-con e-child\" data-id=\"174422f\" data-element_type=\"container\" data-e-type=\"container\" data-settings=\"{&quot;background_background&quot;:&quot;classic&quot;}\">\n\t\t<div class=\"elementor-element elementor-element-c532401 e-flex e-con-boxed e-con e-child\" data-id=\"c532401\" data-element_type=\"container\" data-e-type=\"container\">\n\t\t\t\t\t<div class=\"e-con-inner\">\n\t\t<div class=\"elementor-element elementor-element-b47eb4c e-con-full e-flex e-con e-child\" data-id=\"b47eb4c\" data-element_type=\"container\" data-e-type=\"container\">\n\t\t\t\t<div class=\"elementor-element elementor-element-52f9064 title-left-corner-white-guardian elementor-widget elementor-widget-heading\" data-id=\"52f9064\" data-element_type=\"widget\" data-e-type=\"widget\" data-widget_type=\"heading.default\">\n\t\t\t\t<div class=\"elementor-widget-container\">\n\t\t\t\t\t<h2 class=\"elementor-heading-title elementor-size-default\">Polityka dotycz\u0105ca plik\u00f3w cookie<\/h2>\t\t\t\t<\/div>\n\t\t\t\t<\/div>\n\t\t\t\t<\/div>\n\t\t<div class=\"elementor-element elementor-element-72aba32 e-con-full elementor-hidden-tablet elementor-hidden-mobile e-flex e-con e-child\" data-id=\"72aba32\" data-element_type=\"container\" data-e-type=\"container\">\n\t\t\t\t<\/div>\n\t\t\t\t\t<\/div>\n\t\t\t\t<\/div>\n\t\t\t\t<\/div>\n\t\t\t\t<\/div>\n\t\t<div class=\"elementor-element elementor-element-eff4501 e-con-full e-flex e-con e-parent\" data-id=\"eff4501\" data-element_type=\"container\" data-e-type=\"container\">\n\t\t<div class=\"elementor-element elementor-element-f2b0d71 e-flex e-con-boxed e-con e-child\" data-id=\"f2b0d71\" data-element_type=\"container\" data-e-type=\"container\">\n\t\t\t\t\t<div class=\"e-con-inner\">\n\t\t\t\t<div class=\"elementor-element elementor-element-3989ce4 elementor-widget elementor-widget-text-editor\" data-id=\"3989ce4\" data-element_type=\"widget\" data-e-type=\"widget\" data-widget_type=\"text-editor.default\">\n\t\t\t\t<div class=\"elementor-widget-container\">\n\t\t\t\t\t\t\t\t\t<p><strong>Ostatnia aktualizacja: [18-04-2024]<\/strong><\/p>\n<p><strong>1. Wprowadzenie<\/strong><\/p>\n<p>Niniejsza Polityka dotycz\u0105ca plik\u00f3w cookie wyja\u015bnia, w jaki spos\u00f3b GuardianEye GmbH (&#8222;my&#8221;, &#8222;nas&#8221; lub &#8222;nasz&#8221;) wykorzystuje pliki cookie i podobne technologie do rozpoznawania u\u017cytkownika podczas odwiedzania naszej strony internetowej lub korzystania z naszych us\u0142ug. Wyja\u015bnia, czym s\u0105 te technologie i dlaczego ich u\u017cywamy, a tak\u017ce prawa u\u017cytkownika do kontrolowania ich wykorzystania przez nas. <\/p>\n<p><strong>2. Czym s\u0105 pliki cookie?<\/strong><\/p>\n<p>Pliki cookie to ma\u0142e pliki danych, kt\u00f3re s\u0105 umieszczane na komputerze lub urz\u0105dzeniu mobilnym u\u017cytkownika podczas odwiedzania strony internetowej. S\u0105 one powszechnie stosowane w celu usprawnienia dzia\u0142ania witryn internetowych i dostarczania informacji ich w\u0142a\u015bcicielom. <\/p>\n<p><strong>3. Dlaczego u\u017cywamy plik\u00f3w cookie?<\/strong><\/p>\n<p>U\u017cywamy plik\u00f3w cookie z kilku powod\u00f3w, w tym:<\/p>\n<ul>\n<li>Aby \u015bwiadczy\u0107 i ulepsza\u0107 nasze us\u0142ugi;<\/li>\n<li>Analiza korzystania z naszych us\u0142ug;<\/li>\n<li>Personalizacja tre\u015bci i reklam;<\/li>\n<li>Zapami\u0119tywanie preferencji i ustawie\u0144 u\u017cytkownika.<\/li>\n<\/ul>\n<p><strong>4. Rodzaje u\u017cywanych przez nas plik\u00f3w cookie<\/strong><\/p>\n<ul>\n<li>\n<p><strong>Niezb\u0119dne pliki cookie<\/strong>: Te pliki cookie s\u0105 niezb\u0119dne do prawid\u0142owego funkcjonowania witryny. Umo\u017cliwiaj\u0105 one dzia\u0142anie podstawowych funkcji, takich jak bezpiecze\u0144stwo, zarz\u0105dzanie sieci\u0105 i dost\u0119pno\u015b\u0107. <\/p>\n<\/li>\n<li>\n<p><strong>Analityczne<\/strong> pliki cookie: Te pliki cookie pozwalaj\u0105 nam analizowa\u0107, w jaki spos\u00f3b odwiedzaj\u0105cy korzystaj\u0105 z naszej strony internetowej, co pomaga nam poprawi\u0107 jej wydajno\u015b\u0107 i u\u017cyteczno\u015b\u0107.<\/p>\n<\/li>\n<li>\n<p><strong>Reklamowe pliki cookie<\/strong>: Te pliki cookie s\u0142u\u017c\u0105 do dostarczania reklam odpowiadaj\u0105cych zainteresowaniom u\u017cytkownika. Mog\u0105 by\u0107 wykorzystywane do \u015bledzenia nawyk\u00f3w przegl\u0105dania i dostarczania ukierunkowanych reklam. <\/p>\n<\/li>\n<\/ul>\n<p><strong> <\/strong><\/p>\n<p><strong>5. Pliki cookie stron trzecich<\/strong><\/p>\n<p>Mo\u017cemy r\u00f3wnie\u017c korzysta\u0107 z plik\u00f3w cookie stron trzecich, takich jak te dostarczane przez Google Analytics, w celu gromadzenia i analizowania danych dotycz\u0105cych korzystania z naszej witryny. Te pliki cookie podlegaj\u0105 polityce prywatno\u015bci dostawc\u00f3w zewn\u0119trznych. <\/p>\n<p><strong>6. Zgoda u\u017cytkownika<\/strong><\/p>\n<p>Korzystaj\u0105c z naszej strony internetowej, u\u017cytkownik wyra\u017ca zgod\u0119 na u\u017cywanie plik\u00f3w cookie zgodnie z niniejsz\u0105 Polityk\u0105 dotycz\u0105c\u0105 plik\u00f3w cookie. Zgod\u0119 mo\u017cna wycofa\u0107 w dowolnym momencie, wy\u0142\u0105czaj\u0105c pliki cookie w ustawieniach przegl\u0105darki lub korzystaj\u0105c z narz\u0119dzia do wyra\u017cania zgody na pliki cookie dost\u0119pnego na naszej stronie internetowej. <\/p>\n<p><strong>7. Zarz\u0105dzanie plikami cookie<\/strong><\/p>\n<p>Plikami cookie mo\u017cna zarz\u0105dza\u0107 za pomoc\u0105 ustawie\u0144 przegl\u0105darki. Wi\u0119kszo\u015b\u0107 przegl\u0105darek umo\u017cliwia odrzucanie lub akceptowanie plik\u00f3w cookie, usuwanie plik\u00f3w cookie lub otrzymywanie powiadomie\u0144 o wys\u0142aniu pliku cookie. Nale\u017cy pami\u0119ta\u0107, \u017ce wy\u0142\u0105czenie plik\u00f3w cookie mo\u017ce wp\u0142yn\u0105\u0107 na funkcjonalno\u015b\u0107 naszej witryny.  <\/p>\n<p><strong>8. Zmiany w niniejszej Polityce dotycz\u0105cej plik\u00f3w cookie<\/strong><\/p>\n<p>Od czasu do czasu mo\u017cemy aktualizowa\u0107 niniejsze Zasady dotycz\u0105ce plik\u00f3w cookie, aby odzwierciedli\u0107 zmiany w naszych praktykach lub obowi\u0105zuj\u0105cych przepisach prawa. Powiadomimy u\u017cytkownika o wszelkich zmianach, publikuj\u0105c zaktualizowane zasady na naszej stronie internetowej ze zmienion\u0105 dat\u0105 &#8222;Ostatnia aktualizacja&#8221;. <\/p>\n<p><strong>9. Skontaktuj si\u0119 z nami<\/strong><\/p>\n<p>W przypadku jakichkolwiek pyta\u0144 lub w\u0105tpliwo\u015bci dotycz\u0105cych niniejszej Polityki dotycz\u0105cej plik\u00f3w cookie prosimy o kontakt pod adresem:<\/p>\n<p>GuardianEye GmbH<br \/>20355 Hamburg<\/p>\n<p>ATT: Rene Skov Krone<br \/>info@guardian-eye.com<\/p>\n\t\t\t\t\t\t\t\t<\/div>\n\t\t\t\t<\/div>\n\t\t\t\t\t<\/div>\n\t\t\t\t<\/div>\n\t\t\t\t<\/div>\n\t\t\t\t<\/div>\n\t\t","protected":false},"excerpt":{"rendered":"<p>Polityka dotycz\u0105ca plik\u00f3w cookie Ostatnia aktualizacja: [18-04-2024] 1. Wprowadzenie Niniejsza Polityka dotycz\u0105ca plik\u00f3w cookie wyja\u015bnia, w jaki spos\u00f3b GuardianEye GmbH (&#8222;my&#8221;, &#8222;nas&#8221; lub &#8222;nasz&#8221;) wykorzystuje pliki cookie i podobne technologie do rozpoznawania u\u017cytkownika podczas odwiedzania naszej strony internetowej lub korzystania z naszych us\u0142ug. Wyja\u015bnia, czym s\u0105 te technologie i dlaczego ich u\u017cywamy, a tak\u017ce prawa [&hellip;]<\/p>\n","protected":false},"author":1,"featured_media":0,"parent":0,"menu_order":0,"comment_status":"closed","ping_status":"closed","template":"elementor_header_footer","meta":{"footnotes":""},"class_list":["post-6855","page","type-page","status-publish","hentry"],"_links":{"self":[{"href":"https:\/\/guardian-eye.com\/pl\/wp-json\/wp\/v2\/pages\/6855","targetHints":{"allow":["GET"]}}],"collection":[{"href":"https:\/\/guardian-eye.com\/pl\/wp-json\/wp\/v2\/pages"}],"about":[{"href":"https:\/\/guardian-eye.com\/pl\/wp-json\/wp\/v2\/types\/page"}],"author":[{"embeddable":true,"href":"https:\/\/guardian-eye.com\/pl\/wp-json\/wp\/v2\/users\/1"}],"replies":[{"embeddable":true,"href":"https:\/\/guardian-eye.com\/pl\/wp-json\/wp\/v2\/comments?post=6855"}],"version-history":[{"count":3,"href":"https:\/\/guardian-eye.com\/pl\/wp-json\/wp\/v2\/pages\/6855\/revisions"}],"predecessor-version":[{"id":8747,"href":"https:\/\/guardian-eye.com\/pl\/wp-json\/wp\/v2\/pages\/6855\/revisions\/8747"}],"wp:attachment":[{"href":"https:\/\/guardian-eye.com\/pl\/wp-json\/wp\/v2\/media?parent=6855"}],"curies":[{"name":"wp","href":"https:\/\/api.w.org\/{rel}","templated":true}]}}