{"id":7448,"date":"2023-10-16T16:58:17","date_gmt":"2023-10-16T16:58:17","guid":{"rendered":"https:\/\/guardian-eye.com\/datenschutzbestimmungen\/"},"modified":"2024-08-13T11:01:14","modified_gmt":"2024-08-13T11:01:14","slug":"datenschutzbestimmungen","status":"publish","type":"page","link":"https:\/\/guardian-eye.com\/de\/datenschutzbestimmungen\/","title":{"rendered":"Datenschutzbestimmungen"},"content":{"rendered":"\t\t<div data-elementor-type=\"wp-page\" data-elementor-id=\"7448\" class=\"elementor elementor-7448 elementor-3\" data-elementor-post-type=\"page\">\n\t\t\t\t<div class=\"elementor-element elementor-element-c9b8976 e-con-full e-flex e-con e-parent\" data-id=\"c9b8976\" data-element_type=\"container\" data-e-type=\"container\">\n\t\t<div class=\"elementor-element elementor-element-6717f1f e-con-full e-flex e-con e-child\" data-id=\"6717f1f\" data-element_type=\"container\" data-e-type=\"container\">\n\t\t\t\t<div class=\"elementor-element elementor-element-b37cb43 elementor-absolute e-transform elementor-widget elementor-widget-image\" data-id=\"b37cb43\" data-element_type=\"widget\" data-e-type=\"widget\" data-settings=\"{&quot;_position&quot;:&quot;absolute&quot;,&quot;_transform_rotateZ_effect&quot;:{&quot;unit&quot;:&quot;px&quot;,&quot;size&quot;:-2.2,&quot;sizes&quot;:[]},&quot;_transform_rotateZ_effect_tablet&quot;:{&quot;unit&quot;:&quot;deg&quot;,&quot;size&quot;:&quot;&quot;,&quot;sizes&quot;:[]},&quot;_transform_rotateZ_effect_mobile&quot;:{&quot;unit&quot;:&quot;deg&quot;,&quot;size&quot;:&quot;&quot;,&quot;sizes&quot;:[]}}\" data-widget_type=\"image.default\">\n\t\t\t\t<div class=\"elementor-widget-container\">\n\t\t\t\t\t\t\t\t\t\t\t\t\t\t\t<img fetchpriority=\"high\" decoding=\"async\" width=\"631\" height=\"356\" src=\"https:\/\/guardian-eye.com\/wp-content\/uploads\/2023\/12\/aboutstyle.svg\" class=\"attachment-full size-full wp-image-7258\" alt=\"\" \/>\t\t\t\t\t\t\t\t\t\t\t\t\t\t\t<\/div>\n\t\t\t\t<\/div>\n\t\t\t\t<\/div>\n\t\t<div class=\"elementor-element elementor-element-e4297a6 e-con-full e-flex e-con e-child\" data-id=\"e4297a6\" data-element_type=\"container\" data-e-type=\"container\" data-settings=\"{&quot;background_background&quot;:&quot;classic&quot;}\">\n\t\t<div class=\"elementor-element elementor-element-223728e e-flex e-con-boxed e-con e-child\" data-id=\"223728e\" data-element_type=\"container\" data-e-type=\"container\">\n\t\t\t\t\t<div class=\"e-con-inner\">\n\t\t<div class=\"elementor-element elementor-element-7c956f7 e-con-full e-flex e-con e-child\" data-id=\"7c956f7\" data-element_type=\"container\" data-e-type=\"container\">\n\t\t\t\t<div class=\"elementor-element elementor-element-143ea29 title-left-corner-white-guardian elementor-widget elementor-widget-heading\" data-id=\"143ea29\" data-element_type=\"widget\" data-e-type=\"widget\" data-widget_type=\"heading.default\">\n\t\t\t\t<div class=\"elementor-widget-container\">\n\t\t\t\t\t<h2 class=\"elementor-heading-title elementor-size-default\">Datenschutzbestimmungen<\/h2>\t\t\t\t<\/div>\n\t\t\t\t<\/div>\n\t\t\t\t<\/div>\n\t\t<div class=\"elementor-element elementor-element-42b5527 e-con-full elementor-hidden-tablet elementor-hidden-mobile e-flex e-con e-child\" data-id=\"42b5527\" data-element_type=\"container\" data-e-type=\"container\">\n\t\t\t\t<\/div>\n\t\t\t\t\t<\/div>\n\t\t\t\t<\/div>\n\t\t\t\t<\/div>\n\t\t\t\t<\/div>\n\t\t<div class=\"elementor-element elementor-element-1e206e8 e-con-full e-flex e-con e-parent\" data-id=\"1e206e8\" data-element_type=\"container\" data-e-type=\"container\">\n\t\t<div class=\"elementor-element elementor-element-0018d72 e-flex e-con-boxed e-con e-child\" data-id=\"0018d72\" data-element_type=\"container\" data-e-type=\"container\">\n\t\t\t\t\t<div class=\"e-con-inner\">\n\t\t\t\t<div class=\"elementor-element elementor-element-8fc76da elementor-widget elementor-widget-text-editor\" data-id=\"8fc76da\" data-element_type=\"widget\" data-e-type=\"widget\" data-widget_type=\"text-editor.default\">\n\t\t\t\t<div class=\"elementor-widget-container\">\n\t\t\t\t\t\t\t\t\t<p><strong>Zuletzt aktualisiert:  [18-04-2024]<\/strong><\/p>\n<p><strong>1. Einf\u00fchrung<\/strong><\/p>\n<p>Willkommen bei den Datenschutzrichtlinien der GuardianEye GmbH.\nIhre Privatsph\u00e4re ist uns wichtig, und wir verpflichten uns, Ihre pers\u00f6nlichen Daten in \u00dcbereinstimmung mit der General Data Protection Regulation (GDPR) zu sch\u00fctzen. <\/p>\n<p><strong>2. Wer wir sind<\/strong><\/p>\n<p><span style=\"color: var( --e-global-color-text ); font-family: var( --e-global-typography-text-font-family ), Sans-serif; font-size: var( --e-global-typography-text-font-size ); font-weight: var( --e-global-typography-text-font-weight ); text-align: var(--text-align); background-color: var(--nv-site-bg); letter-spacing: var(--bodyletterspacing); text-transform: var(--bodytexttransform);\">GuardianEye GmbH<\/span><\/p>\n<p><span style=\"color: var( --e-global-color-text ); font-family: var( --e-global-typography-text-font-family ), Sans-serif; font-size: var( --e-global-typography-text-font-size ); font-weight: var( --e-global-typography-text-font-weight ); text-align: var(--text-align); background-color: var(--nv-site-bg); letter-spacing: var(--bodyletterspacing); text-transform: var(--bodytexttransform);\">20355 Hamburg<\/span> <\/p>\n<p>ATT:Rene Skov Krone<\/p>\n<p><a class=\"ProsemirrorEditor-link\" href=\"mailto:info@guardian-eye.com\"><a href=\"mailto:info@guardian-eye.com\">info@guardian-eye.com<\/a><\/a><\/p>\n<p><strong>3. Pers\u00f6nliche Daten, die wir sammeln<\/strong><\/p>\n<p>Wir k\u00f6nnen die folgenden personenbezogenen Daten erfassen und verarbeiten:<\/p>\n<ul>\n<li>Name<\/li>\n<li>Kontaktinformationen (E-Mail Adresse, Telefonnummer)<\/li>\n<li>Informationen zur Rechnungsstellung<\/li>\n<li>Transaktionsdaten<\/li>\n<li>Nutzungsdaten (wie IP-Adresse, Browsertyp und Betriebssystem)<\/li>\n<li>Alle anderen pers\u00f6nlichen Daten, die Sie uns freiwillig zur Verf\u00fcgung stellen<\/li>\n<\/ul>\n<p><strong>4. Wie wir Ihre pers\u00f6nlichen Daten verwenden<\/strong><\/p>\n<p>Wir verwenden Ihre personenbezogenen Daten f\u00fcr die folgenden Zwecke:<\/p>\n<ul>\n<li>Zur Bereitstellung und Pflege unserer Dienste<\/li>\n<li>Um Transaktionen und Zahlungen zu verarbeiten<\/li>\n<li>Um mit Ihnen \u00fcber Updates, Angebote und Werbeaktionen zu kommunizieren<\/li>\n<li>Um unsere Website und Dienstleistungen zu verbessern<\/li>\n<li>Um gesetzliche Verpflichtungen zu erf\u00fcllen<\/li>\n<\/ul>\n<p><strong>5. Rechtsgrundlage f\u00fcr die Verarbeitung personenbezogener Daten<\/strong><\/p>\n<p>Wir verarbeiten Ihre personenbezogenen Daten auf der Grundlage der folgenden Rechtsgrundlagen:<\/p>\n<ul>\n<li>Einverst\u00e4ndnis: Sie haben uns Ihre ausdr\u00fcckliche Zustimmung gegeben, Ihre pers\u00f6nlichen Daten f\u00fcr bestimmte Zwecke zu verarbeiten.<\/li>\n<li>Vertrag: Die Verarbeitung ist f\u00fcr die Erf\u00fcllung eines Vertrags, dessen Vertragspartei Sie sind, oder f\u00fcr die Durchf\u00fchrung von Ma\u00dfnahmen auf Ihren Wunsch hin vor Abschluss eines Vertrags erforderlich.<\/li>\n<li>Gesetzliche Verpflichtung: Die Verarbeitung ist f\u00fcr die Erf\u00fcllung einer rechtlichen Verpflichtung erforderlich, der wir unterliegen.<\/li>\n<li>Berechtigte Interessen: Die Verarbeitung ist f\u00fcr unsere berechtigten Interessen erforderlich, wie z.B. die Verbesserung unserer Dienstleistungen und Marketingaktivit\u00e4ten, vorausgesetzt, dass diese Interessen nicht durch Ihre Rechte und Interessen \u00fcberlagert werden.<\/li>\n<\/ul>\n<p><strong>6. Gemeinsame Nutzung und Offenlegung von Daten<\/strong><\/p>\n<p>Wir k\u00f6nnen Ihre pers\u00f6nlichen Daten weitergeben an:<\/p>\n<ul>\n<li>Dienstleister, die uns beim Betrieb unseres Unternehmens helfen (z.B. Zahlungsabwickler, IT-Dienstleister)<\/li>\n<li>Strafverfolgungsbeh\u00f6rden, Regierungsbeh\u00f6rden oder andere Dritte, wenn dies gesetzlich vorgeschrieben ist oder als Reaktion auf ein Gerichtsverfahren<\/li>\n<li>Dritte in Verbindung mit einer Fusion, einer \u00dcbernahme oder einem Verkauf von Verm\u00f6genswerten<\/li>\n<\/ul>\n<p><strong>7. Daten\u00fcbertragungen<\/strong><\/p>\n<p>Ihre pers\u00f6nlichen Daten k\u00f6nnen an einen Ort au\u00dferhalb des Europ\u00e4ischen Wirtschaftsraums (EWR) \u00fcbertragen und dort gespeichert werden.\nWir werden alle notwendigen Ma\u00dfnahmen ergreifen, um sicherzustellen, dass solche \u00dcbertragungen in \u00dcbereinstimmung mit der DSGVO erfolgen und dass Ihre personenbezogenen Daten angemessen gesch\u00fctzt sind. <\/p>\n<p><strong>8. Datensicherheit<\/strong><\/p>\n<p>Wir setzen angemessene technische und organisatorische Ma\u00dfnahmen ein, um Ihre pers\u00f6nlichen Daten vor unbefugtem Zugriff, Ver\u00e4nderung, Weitergabe oder Zerst\u00f6rung zu sch\u00fctzen.<\/p>\n<p><strong>9. Ihre Rechte<\/strong><\/p>\n<p>Sie haben die folgenden Rechte in Bezug auf Ihre pers\u00f6nlichen Daten:<\/p>\n<ul>\n<li>Recht auf Zugang: Sie haben das Recht, Zugang zu Ihren pers\u00f6nlichen Daten zu verlangen und eine Kopie der pers\u00f6nlichen Daten zu erhalten, die wir \u00fcber Sie gespeichert haben.<\/li>\n<li>Recht auf Berichtigung: Sie haben das Recht, die Berichtigung unrichtiger oder unvollst\u00e4ndiger personenbezogener Daten zu verlangen.<\/li>\n<li>Recht auf L\u00f6schung: Sie haben das Recht, unter bestimmten Bedingungen die L\u00f6schung Ihrer pers\u00f6nlichen Daten zu verlangen.<\/li>\n<li>Recht auf Einschr\u00e4nkung der Verarbeitung: Sie haben das Recht, die Einschr\u00e4nkung der Verarbeitung Ihrer personenbezogenen Daten unter bestimmten Bedingungen zu verlangen.<\/li>\n<li>Recht auf Daten\u00fcbertragbarkeit: Sie haben das Recht, Ihre personenbezogenen Daten in einem strukturierten, g\u00e4ngigen und maschinenlesbaren Format zu erhalten und sie an einen anderen Verantwortlichen zu \u00fcbermitteln.<\/li>\n<li>Recht auf Widerspruch: Sie haben das Recht, der Verarbeitung Ihrer pers\u00f6nlichen Daten unter bestimmten Bedingungen zu widersprechen.<\/li>\n<\/ul>\n<p>Um Ihre Rechte auszu\u00fcben, kontaktieren Sie uns bitte unter [Contact Information].<\/p>\n<p><strong>10. \u00c4nderungen an dieser Datenschutzrichtlinie<\/strong><\/p>\n<p>Wir k\u00f6nnen diese Datenschutzrichtlinie von Zeit zu Zeit aktualisieren, um \u00c4nderungen unserer Praktiken oder der geltenden Gesetze zu ber\u00fccksichtigen.\nWir werden Sie \u00fcber alle wesentlichen \u00c4nderungen informieren, indem wir die aktualisierte Richtlinie auf unserer Website mit einem \u00fcberarbeiteten &#8222;Zuletzt aktualisiert&#8220;-Datum ver\u00f6ffentlichen. <\/p>\n<p><strong>11. Kontakt<\/strong><\/p>\n<p>Wenn Sie Fragen oder Bedenken zu dieser Datenschutzrichtlinie oder unseren Datenpraktiken haben, kontaktieren Sie uns bitte unter<a class=\"ProsemirrorEditor-link\" href=\"mailto:info@guardian-eye.com\"> info@guardian-eye.com<\/a><\/p>\n<p>.<\/p>\t\t\t\t\t\t\t\t<\/div>\n\t\t\t\t<\/div>\n\t\t\t\t\t<\/div>\n\t\t\t\t<\/div>\n\t\t\t\t<\/div>\n\t\t\t\t<\/div>\n\t\t","protected":false},"excerpt":{"rendered":"<p>Datenschutzbestimmungen Zuletzt aktualisiert: [18-04-2024] 1. Einf\u00fchrung Willkommen bei den Datenschutzrichtlinien der GuardianEye GmbH. Ihre Privatsph\u00e4re ist uns wichtig, und wir verpflichten uns, Ihre pers\u00f6nlichen Daten in \u00dcbereinstimmung mit der General Data Protection Regulation (GDPR) zu sch\u00fctzen. 2. Wer wir sind GuardianEye GmbH 20355 Hamburg ATT:Rene Skov Krone info@guardian-eye.com 3. Pers\u00f6nliche Daten, die wir sammeln Wir [&hellip;]<\/p>\n","protected":false},"author":1,"featured_media":0,"parent":0,"menu_order":0,"comment_status":"closed","ping_status":"closed","template":"elementor_header_footer","meta":{"footnotes":""},"class_list":["post-7448","page","type-page","status-publish","hentry"],"_links":{"self":[{"href":"https:\/\/guardian-eye.com\/de\/wp-json\/wp\/v2\/pages\/7448","targetHints":{"allow":["GET"]}}],"collection":[{"href":"https:\/\/guardian-eye.com\/de\/wp-json\/wp\/v2\/pages"}],"about":[{"href":"https:\/\/guardian-eye.com\/de\/wp-json\/wp\/v2\/types\/page"}],"author":[{"embeddable":true,"href":"https:\/\/guardian-eye.com\/de\/wp-json\/wp\/v2\/users\/1"}],"replies":[{"embeddable":true,"href":"https:\/\/guardian-eye.com\/de\/wp-json\/wp\/v2\/comments?post=7448"}],"version-history":[{"count":1,"href":"https:\/\/guardian-eye.com\/de\/wp-json\/wp\/v2\/pages\/7448\/revisions"}],"predecessor-version":[{"id":7449,"href":"https:\/\/guardian-eye.com\/de\/wp-json\/wp\/v2\/pages\/7448\/revisions\/7449"}],"wp:attachment":[{"href":"https:\/\/guardian-eye.com\/de\/wp-json\/wp\/v2\/media?parent=7448"}],"curies":[{"name":"wp","href":"https:\/\/api.w.org\/{rel}","templated":true}]}}