{"id":7360,"date":"2024-04-18T13:54:31","date_gmt":"2024-04-18T13:54:31","guid":{"rendered":"https:\/\/guardian-eye.com\/cookie-richtlinie\/"},"modified":"2024-08-13T10:51:38","modified_gmt":"2024-08-13T10:51:38","slug":"cookie-richtlinie","status":"publish","type":"page","link":"https:\/\/guardian-eye.com\/de\/cookie-richtlinie\/","title":{"rendered":"Cookie-Richtlinie"},"content":{"rendered":"\t\t<div data-elementor-type=\"wp-page\" data-elementor-id=\"7360\" class=\"elementor elementor-7360 elementor-6026\" data-elementor-post-type=\"page\">\n\t\t\t\t<div class=\"elementor-element elementor-element-6f6bb85 e-con-full e-flex e-con e-parent\" data-id=\"6f6bb85\" data-element_type=\"container\" data-e-type=\"container\">\n\t\t<div class=\"elementor-element elementor-element-b1965ca e-con-full e-flex e-con e-child\" data-id=\"b1965ca\" data-element_type=\"container\" data-e-type=\"container\">\n\t\t\t\t<div class=\"elementor-element elementor-element-df3fb20 elementor-absolute e-transform elementor-widget elementor-widget-image\" data-id=\"df3fb20\" data-element_type=\"widget\" data-e-type=\"widget\" data-settings=\"{&quot;_position&quot;:&quot;absolute&quot;,&quot;_transform_rotateZ_effect&quot;:{&quot;unit&quot;:&quot;px&quot;,&quot;size&quot;:-2.2,&quot;sizes&quot;:[]},&quot;_transform_rotateZ_effect_tablet&quot;:{&quot;unit&quot;:&quot;deg&quot;,&quot;size&quot;:&quot;&quot;,&quot;sizes&quot;:[]},&quot;_transform_rotateZ_effect_mobile&quot;:{&quot;unit&quot;:&quot;deg&quot;,&quot;size&quot;:&quot;&quot;,&quot;sizes&quot;:[]}}\" data-widget_type=\"image.default\">\n\t\t\t\t<div class=\"elementor-widget-container\">\n\t\t\t\t\t\t\t\t\t\t\t\t\t\t\t<img fetchpriority=\"high\" decoding=\"async\" width=\"631\" height=\"356\" src=\"https:\/\/guardian-eye.com\/wp-content\/uploads\/2023\/12\/aboutstyle.svg\" class=\"attachment-full size-full wp-image-7258\" alt=\"\" \/>\t\t\t\t\t\t\t\t\t\t\t\t\t\t\t<\/div>\n\t\t\t\t<\/div>\n\t\t\t\t<\/div>\n\t\t<div class=\"elementor-element elementor-element-174422f e-con-full e-flex e-con e-child\" data-id=\"174422f\" data-element_type=\"container\" data-e-type=\"container\" data-settings=\"{&quot;background_background&quot;:&quot;classic&quot;}\">\n\t\t<div class=\"elementor-element elementor-element-c532401 e-flex e-con-boxed e-con e-child\" data-id=\"c532401\" data-element_type=\"container\" data-e-type=\"container\">\n\t\t\t\t\t<div class=\"e-con-inner\">\n\t\t<div class=\"elementor-element elementor-element-b47eb4c e-con-full e-flex e-con e-child\" data-id=\"b47eb4c\" data-element_type=\"container\" data-e-type=\"container\">\n\t\t\t\t<div class=\"elementor-element elementor-element-52f9064 title-left-corner-white-guardian elementor-widget elementor-widget-heading\" data-id=\"52f9064\" data-element_type=\"widget\" data-e-type=\"widget\" data-widget_type=\"heading.default\">\n\t\t\t\t<div class=\"elementor-widget-container\">\n\t\t\t\t\t<h2 class=\"elementor-heading-title elementor-size-default\">Cookie-Richtlinie<\/h2>\t\t\t\t<\/div>\n\t\t\t\t<\/div>\n\t\t\t\t<\/div>\n\t\t<div class=\"elementor-element elementor-element-72aba32 e-con-full elementor-hidden-tablet elementor-hidden-mobile e-flex e-con e-child\" data-id=\"72aba32\" data-element_type=\"container\" data-e-type=\"container\">\n\t\t\t\t<\/div>\n\t\t\t\t\t<\/div>\n\t\t\t\t<\/div>\n\t\t\t\t<\/div>\n\t\t\t\t<\/div>\n\t\t<div class=\"elementor-element elementor-element-eff4501 e-con-full e-flex e-con e-parent\" data-id=\"eff4501\" data-element_type=\"container\" data-e-type=\"container\">\n\t\t<div class=\"elementor-element elementor-element-f2b0d71 e-flex e-con-boxed e-con e-child\" data-id=\"f2b0d71\" data-element_type=\"container\" data-e-type=\"container\">\n\t\t\t\t\t<div class=\"e-con-inner\">\n\t\t\t\t<div class=\"elementor-element elementor-element-3989ce4 elementor-widget elementor-widget-text-editor\" data-id=\"3989ce4\" data-element_type=\"widget\" data-e-type=\"widget\" data-widget_type=\"text-editor.default\">\n\t\t\t\t<div class=\"elementor-widget-container\">\n\t\t\t\t\t\t\t\t\t<p><strong>Zuletzt aktualisiert:  [18-04-2024]<\/strong><\/p>\n<p><strong>1. Einf\u00fchrung<\/strong><\/p>\n<p>Diese Cookie-Richtlinie erkl\u00e4rt, wie die GuardianEye GmbH (&#8222;wir&#8220;, &#8222;uns&#8220; oder &#8222;unser&#8220;) Cookies und \u00e4hnliche Technologien verwendet, um Sie zu erkennen, wenn Sie unsere Website besuchen oder unsere Dienste nutzen.\nSie erkl\u00e4rt, was diese Technologien sind und warum wir sie verwenden, sowie Ihre Rechte, unsere Verwendung dieser Technologien zu kontrollieren. <\/p>\n<p><strong>2. Was sind Cookies?<\/strong><\/p>\n<p>Cookies sind kleine Datendateien, die auf Ihrem Computer oder Mobilger\u00e4t gespeichert werden, wenn Sie eine Website besuchen.\nSie werden h\u00e4ufig verwendet, um Websites effizienter zu gestalten und den Eigent\u00fcmern der Website Informationen zur Verf\u00fcgung zu stellen. <\/p>\n<p><strong>3. Warum verwenden wir Cookies?<\/strong><\/p>\n<p>Wir verwenden Cookies aus verschiedenen Gr\u00fcnden, unter anderem:<\/p>\n<ul>\n<li>Zur Bereitstellung und Verbesserung unserer Dienstleistungen;<\/li>\n<li>Um die Nutzung unserer Dienste zu analysieren;<\/li>\n<li>Um Inhalte und Anzeigen zu personalisieren;<\/li>\n<li>Um Ihre Pr\u00e4ferenzen und Einstellungen zu speichern.<\/li>\n<\/ul>\n<p><strong>4. Arten von Cookies, die wir verwenden<\/strong><\/p>\n<ul>\n<li>\n<p><strong>Unverzichtbare Cookies<\/strong>: Diese Cookies sind notwendig, damit die Website ordnungsgem\u00e4\u00df funktioniert.\nSie erm\u00f6glichen Kernfunktionen wie Sicherheit, Netzwerkverwaltung und Zug\u00e4nglichkeit. <\/p>\n<\/li>\n<li>\n<p><strong>Analytische Cookies<\/strong>: Diese Cookies erm\u00f6glichen es uns zu analysieren, wie Besucher unsere Website nutzen, was uns hilft, ihre Leistung und Benutzerfreundlichkeit zu verbessern.<\/p>\n<\/li>\n<li>\n<p><strong>Werbe-Cookies<\/strong>: Diese Cookies werden verwendet, um Werbung zu schalten, die Ihren Interessen entspricht.\nSie k\u00f6nnen verwendet werden, um Ihre Surfgewohnheiten zu verfolgen und gezielte Werbung zu schalten. <\/p>\n<\/li>\n<\/ul>\n<p><strong>5. Cookies von Dritten<\/strong><\/p>\n<p>Wir k\u00f6nnen auch Cookies von Drittanbietern verwenden, z. B. von Google Analytics, um Daten \u00fcber Ihre Nutzung unserer Website zu sammeln und zu analysieren.\nF\u00fcr diese Cookies gelten die Datenschutzrichtlinien der Drittanbieter. <\/p>\n<p><strong>6. Ihre Zustimmung<\/strong><\/p>\n<p>Durch die Nutzung unserer Website erkl\u00e4ren Sie sich mit der Verwendung von Cookies in \u00dcbereinstimmung mit dieser Cookie-Richtlinie einverstanden.\nSie k\u00f6nnen Ihre Zustimmung jederzeit widerrufen, indem Sie Cookies in Ihren Browser-Einstellungen deaktivieren oder das auf unserer Website bereitgestellte Cookie-Zustimmungs-Tool verwenden. <\/p>\n<p><strong>7. Cookies verwalten<\/strong><\/p>\n<p>Sie k\u00f6nnen Cookies \u00fcber Ihre Browsereinstellungen verwalten.\nBei den meisten Browsern k\u00f6nnen Sie Cookies ablehnen oder annehmen, Cookies l\u00f6schen oder sich benachrichtigen lassen, wenn ein Cookie gesendet wird.\nBitte beachten Sie, dass die Deaktivierung von Cookies die Funktionalit\u00e4t unserer Website beeintr\u00e4chtigen kann.  <\/p>\n<p><strong>8. \u00c4nderungen an dieser Cookie-Richtlinie<\/strong><\/p>\n<p>Wir k\u00f6nnen diese Cookie-Richtlinie von Zeit zu Zeit aktualisieren, um \u00c4nderungen unserer Praktiken oder geltender Gesetze zu ber\u00fccksichtigen.\nWir werden Sie \u00fcber alle \u00c4nderungen informieren, indem wir die aktualisierte Richtlinie auf unserer Website mit einem \u00fcberarbeiteten &#8222;Zuletzt aktualisiert&#8220;-Datum ver\u00f6ffentlichen. <\/p>\n<p><strong>9. Kontaktieren Sie uns<\/strong><\/p>\n<p>Wenn Sie Fragen oder Bedenken bez\u00fcglich dieser Cookie-Richtlinie haben, kontaktieren Sie uns bitte unter:<\/p>\n<p>GuardianEye GmbH<br>20355 Hamburg<\/p>\n<p>ATT: Rene Skov Krone<br>info@guardian-eye.com<\/p>\t\t\t\t\t\t\t\t<\/div>\n\t\t\t\t<\/div>\n\t\t\t\t\t<\/div>\n\t\t\t\t<\/div>\n\t\t\t\t<\/div>\n\t\t\t\t<\/div>\n\t\t","protected":false},"excerpt":{"rendered":"<p>Cookie-Richtlinie Zuletzt aktualisiert: [18-04-2024] 1. Einf\u00fchrung Diese Cookie-Richtlinie erkl\u00e4rt, wie die GuardianEye GmbH (&#8222;wir&#8220;, &#8222;uns&#8220; oder &#8222;unser&#8220;) Cookies und \u00e4hnliche Technologien verwendet, um Sie zu erkennen, wenn Sie unsere Website besuchen oder unsere Dienste nutzen. Sie erkl\u00e4rt, was diese Technologien sind und warum wir sie verwenden, sowie Ihre Rechte, unsere Verwendung dieser Technologien zu kontrollieren. [&hellip;]<\/p>\n","protected":false},"author":1,"featured_media":0,"parent":0,"menu_order":0,"comment_status":"closed","ping_status":"closed","template":"elementor_header_footer","meta":{"footnotes":""},"class_list":["post-7360","page","type-page","status-publish","hentry"],"_links":{"self":[{"href":"https:\/\/guardian-eye.com\/de\/wp-json\/wp\/v2\/pages\/7360","targetHints":{"allow":["GET"]}}],"collection":[{"href":"https:\/\/guardian-eye.com\/de\/wp-json\/wp\/v2\/pages"}],"about":[{"href":"https:\/\/guardian-eye.com\/de\/wp-json\/wp\/v2\/types\/page"}],"author":[{"embeddable":true,"href":"https:\/\/guardian-eye.com\/de\/wp-json\/wp\/v2\/users\/1"}],"replies":[{"embeddable":true,"href":"https:\/\/guardian-eye.com\/de\/wp-json\/wp\/v2\/comments?post=7360"}],"version-history":[{"count":1,"href":"https:\/\/guardian-eye.com\/de\/wp-json\/wp\/v2\/pages\/7360\/revisions"}],"predecessor-version":[{"id":7361,"href":"https:\/\/guardian-eye.com\/de\/wp-json\/wp\/v2\/pages\/7360\/revisions\/7361"}],"wp:attachment":[{"href":"https:\/\/guardian-eye.com\/de\/wp-json\/wp\/v2\/media?parent=7360"}],"curies":[{"name":"wp","href":"https:\/\/api.w.org\/{rel}","templated":true}]}}